{"id":15,"date":"2016-03-28T12:19:38","date_gmt":"2016-03-28T12:19:38","guid":{"rendered":"http:\/\/mtb-kidscup.de\/start\/?page_id=15"},"modified":"2026-02-03T12:16:59","modified_gmt":"2026-02-03T10:16:59","slug":"reglement","status":"publish","type":"page","link":"https:\/\/mtb-kidscup.de\/start\/reglement\/","title":{"rendered":"Reglement"},"content":{"rendered":"<h1 style=\"text-align: left;\"><\/h1>\n<h1 style=\"text-align: left;\"><strong>eldoRADo Kids-Cup Ausschreibung<\/strong><\/h1>\n<ol>\n<li><strong>Sind in einer Klasse weniger als 5 Teilnehmer*innen am Start, so starten diese gemeinsam mit den Buben bzw. M\u00e4dchen derselben Altersklasse (zeitversetzter Blockstart).<br \/>\n<\/strong><strong>Ab je 6 Buben bzw. M\u00e4dchen wird ein getrenntes Rennen durchgef\u00fchrt.<\/strong><\/li>\n<\/ol>\n<p><strong>\u00a0<\/strong><\/p>\n<ol","protected":false},"excerpt":{"rendered":"<p>eldoRADo Kids-Cup Ausschreibung Sind in einer Klasse weniger als 5 Teilnehmer*innen am Start, so starten diese gemeinsam mit den Buben bzw. M\u00e4dchen derselben Altersklasse (zeitversetzter Blockstart). Ab je 6 Buben bzw. M\u00e4dchen wird ein getrenntes Rennen durchgef\u00fchrt. \u00a0<\/p>\n","protected":false},"author":1,"featured_media":0,"parent":0,"menu_order":0,"comment_status":"closed","ping_status":"closed","template":"","meta":{"footnotes":""},"class_list":["post-15","page","type-page","status-publish","hentry"],"_links":{"self":[{"href":"https:\/\/mtb-kidscup.de\/start\/wp-json\/wp\/v2\/pages\/15","targetHints":{"allow":["GET"]}}],"collection":[{"href":"https:\/\/mtb-kidscup.de\/start\/wp-json\/wp\/v2\/pages"}],"about":[{"href":"https:\/\/mtb-kidscup.de\/start\/wp-json\/wp\/v2\/types\/page"}],"author":[{"embeddable":true,"href":"https:\/\/mtb-kidscup.de\/start\/wp-json\/wp\/v2\/users\/1"}],"replies":[{"embeddable":true,"href":"https:\/\/mtb-kidscup.de\/start\/wp-json\/wp\/v2\/comments?post=15"}],"version-history":[{"count":24,"href":"https:\/\/mtb-kidscup.de\/start\/wp-json\/wp\/v2\/pages\/15\/revisions"}],"predecessor-version":[{"id":1105,"href":"https:\/\/mtb-kidscup.de\/start\/wp-json\/wp\/v2\/pages\/15\/revisions\/1105"}],"wp:attachment":[{"href":"https:\/\/mtb-kidscup.de\/start\/wp-json\/wp\/v2\/media?parent=15"}],"curies":[{"name":"wp","href":"https:\/\/api.w.org\/{rel}","templated":true}]}}